{"id":2,"date":"2025-02-23T00:18:59","date_gmt":"2025-02-23T00:18:59","guid":{"rendered":"https:\/\/yuno.narf.ca\/kimpov\/?page_id=2"},"modified":"2025-11-20T11:28:10","modified_gmt":"2025-11-20T16:28:10","slug":"biographie","status":"publish","type":"page","link":"https:\/\/artiste.kimpoveap.ca\/en\/biographie\/","title":{"rendered":"Biography"},"content":{"rendered":"<div class=\"wp-block-group alignfull has-global-padding is-layout-constrained wp-container-core-group-is-layout-669513ed wp-block-group-is-layout-constrained\" style=\"margin-top:0;margin-bottom:0;padding-top:var(--wp--preset--spacing--50);padding-right:var(--wp--preset--spacing--50);padding-bottom:var(--wp--preset--spacing--50);padding-left:var(--wp--preset--spacing--50)\">\n<div class=\"wp-block-columns alignwide is-layout-flex wp-container-core-columns-is-layout-1da03c2a wp-block-columns-is-layout-flex\">\n<div class=\"wp-block-column is-vertically-aligned-stretch is-layout-flow wp-block-column-is-layout-flow\" style=\"flex-basis:50%\">\n<p class=\"has-heading-font-family has-large-font-size\" style=\"line-height:1.2\">Kimpov Eap is a painter based in Montreal. Born in Cambodia, she has been fascinated by the beauty of nature and drawn to drawing from an early age.<\/p>\n\n\n\n<p class=\"wp-container-content-0733e5d0\" style=\"font-size:clamp(0.875rem, 0.875rem + ((1vw - 0.2rem) * 0.708), 1.3rem);\">She arrived in Montreal in 1980 and took a course in fashion design at the Pierre-Dupuy school in 1996. She painted her first canvas in 1999, and for nearly 20 years has been creating works using a variety of techniques including oil, pastel, charcoal, watercolor, acrylic and graphite.<\/p>\n<\/div>\n\n\n\n<div class=\"wp-block-column is-vertically-aligned-center is-layout-flow wp-block-column-is-layout-flow\" style=\"flex-basis:50%\">\n<figure class=\"wp-block-image size-full is-style-rounded is-style-rounded--1\"><img loading=\"lazy\" decoding=\"async\" width=\"580\" height=\"834\" src=\"https:\/\/artiste.kimpoveap.ca\/wp-content\/uploads\/2025\/05\/IMG_7077.jpeg\" alt=\"Photo de Kimpov Eap\" class=\"wp-image-241\" style=\"aspect-ratio:3\/4;object-fit:cover\" srcset=\"https:\/\/artiste.kimpoveap.ca\/wp-content\/uploads\/2025\/05\/IMG_7077.jpeg 580w, https:\/\/artiste.kimpoveap.ca\/wp-content\/uploads\/2025\/05\/IMG_7077-209x300.jpeg 209w, https:\/\/artiste.kimpoveap.ca\/wp-content\/uploads\/2025\/05\/IMG_7077-8x12.jpeg 8w\" sizes=\"auto, (max-width: 580px) 100vw, 580px\" \/><\/figure>\n<\/div>\n<\/div>\n<\/div>\n\n\n\n<blockquote class=\"wp-block-quote is-layout-flow wp-block-quote-is-layout-flow\">\n<p class=\"has-text-align-center\">Inspiring and raising awareness<\/p>\n<\/blockquote>\n\n\n\n<p>Her artistic approach is characterized by instinctive painting, dressing her canvases in contrasts and warmth. Her original works transport the public into a world of emotions and authenticity. <\/p>\n\n\n\n<p>As a member of the Association des artistes en arts visuels du nord de Montr\u00e9al (AAVNM) and the Cercle des Artistes Peintres et Sculpteurs du Qu\u00e9bec (CAPSQ), Kimpov Eap has participated in over 20 exhibitions in Canada and Europe, as well as numerous symposia. She has notably exhibited at the Centre Leonardo da Vinci and Galerie ARTUS. In 2019, she won the gold medal in the abstraction category at the 34th CAPSQ competition for her work \u201cLe Feu de joie (Naissance)\u201d.<\/p>\n\n\n\n<blockquote class=\"wp-block-quote is-layout-flow wp-block-quote-is-layout-flow\">\n<p class=\"has-text-align-center\">Exorcising pain and healing through art<\/p>\n<\/blockquote>\n\n\n\n<p>Kimpov is also a graduate of the \u00c9cole professionnelle des ost\u00e9opathes du Qu\u00e9bec and has been practicing osteopathy for 15 years. She believes in mixed approaches, drawing on different techniques to maximize healing. She seeks balance and well-being, creating a union between her art and her profession as an osteopath.<\/p>\n\n\n\n<div style=\"height:100px\" aria-hidden=\"true\" class=\"wp-block-spacer\"><\/div>\n\n\n\n<div class=\"wp-block-group alignwide is-layout-flow wp-block-group-is-layout-flow\">\n<div class=\"wp-block-group is-layout-flow wp-block-group-is-layout-flow\" style=\"padding-right:var(--wp--preset--spacing--50);padding-left:var(--wp--preset--spacing--50)\">\n<div class=\"wp-block-group has-base-2-background-color has-background is-layout-flow wp-block-group-is-layout-flow\" style=\"padding-top:var(--wp--preset--spacing--30);padding-right:var(--wp--preset--spacing--30);padding-bottom:var(--wp--preset--spacing--30);padding-left:var(--wp--preset--spacing--30)\">\n<div class=\"wp-block-columns is-layout-flex wp-container-core-columns-is-layout-28f84493 wp-block-columns-is-layout-flex\">\n<div class=\"wp-block-column is-layout-flow wp-block-column-is-layout-flow\">\n<h3 class=\"wp-block-heading has-text-align-center has-large-font-size\">Join us<\/h3>\n\n\n\n<div class=\"wp-block-buttons has-custom-font-size has-large-font-size is-content-justification-center is-layout-flex wp-container-core-buttons-is-layout-a89b3969 wp-block-buttons-is-layout-flex\">\n<div class=\"wp-block-button has-custom-font-size\" style=\"font-size:clamp(1.198rem, 1.198rem + ((1vw - 0.2rem) * 1.17), 1.9rem);\"><a class=\"wp-block-button__link has-text-align-center wp-element-button\" href=\"mailto:kimpoveap@gmail.com\">kimpoveap@gmail.com<\/a><\/div>\n<\/div>\n<\/div>\n\n\n\n<div class=\"wp-block-column is-layout-flow wp-block-column-is-layout-flow\">\n<h3 class=\"wp-block-heading has-text-align-center\">Buy a painting<\/h3>\n\n\n\n<div class=\"wp-block-buttons has-custom-font-size has-large-font-size is-content-justification-center is-layout-flex wp-container-core-buttons-is-layout-a89b3969 wp-block-buttons-is-layout-flex\">\n<div class=\"wp-block-button\"><a class=\"wp-block-button__link wp-element-button\" href=\"https:\/\/www.gallea.ca\/fr\/artistes\/kim-pov-eap\" target=\"_blank\" rel=\"noreferrer noopener\">Shop online<\/a><\/div>\n<\/div>\n<\/div>\n<\/div>\n<\/div>\n<\/div>\n<\/div>\n\n\n\n<p><\/p>","protected":false},"excerpt":{"rendered":"<p>Kimpov Eap est une artiste peintre bas\u00e9e \u00e0 Montr\u00e9al. N\u00e9e au Cambodge, elle est fascin\u00e9e par la beaut\u00e9 de la nature et attir\u00e9e par le dessin depuis son plus jeune \u00e2ge. Elle est arriv\u00e9e \u00e0 Montr\u00e9al en 1980 et a suivi un cours de dessin de mode \u00e0 l&rsquo;\u00e9cole Pierre-Dupuy en 1996. Elle a peint [&hellip;]<\/p>\n","protected":false},"author":7,"featured_media":241,"parent":0,"menu_order":0,"comment_status":"closed","ping_status":"closed","template":"","meta":{"footnotes":""},"class_list":["post-2","page","type-page","status-publish","has-post-thumbnail","hentry"],"_links":{"self":[{"href":"https:\/\/artiste.kimpoveap.ca\/en\/wp-json\/wp\/v2\/pages\/2","targetHints":{"allow":["GET"]}}],"collection":[{"href":"https:\/\/artiste.kimpoveap.ca\/en\/wp-json\/wp\/v2\/pages"}],"about":[{"href":"https:\/\/artiste.kimpoveap.ca\/en\/wp-json\/wp\/v2\/types\/page"}],"author":[{"embeddable":true,"href":"https:\/\/artiste.kimpoveap.ca\/en\/wp-json\/wp\/v2\/users\/7"}],"replies":[{"embeddable":true,"href":"https:\/\/artiste.kimpoveap.ca\/en\/wp-json\/wp\/v2\/comments?post=2"}],"version-history":[{"count":18,"href":"https:\/\/artiste.kimpoveap.ca\/en\/wp-json\/wp\/v2\/pages\/2\/revisions"}],"predecessor-version":[{"id":242,"href":"https:\/\/artiste.kimpoveap.ca\/en\/wp-json\/wp\/v2\/pages\/2\/revisions\/242"}],"wp:featuredmedia":[{"embeddable":true,"href":"https:\/\/artiste.kimpoveap.ca\/en\/wp-json\/wp\/v2\/media\/241"}],"wp:attachment":[{"href":"https:\/\/artiste.kimpoveap.ca\/en\/wp-json\/wp\/v2\/media?parent=2"}],"curies":[{"name":"wp","href":"https:\/\/api.w.org\/{rel}","templated":true}]}}